{"id":19,"date":"2021-12-02T02:03:57","date_gmt":"2021-12-02T02:03:57","guid":{"rendered":"https:\/\/bksgtechs.com\/?page_id=19"},"modified":"2021-12-23T04:54:35","modified_gmt":"2021-12-23T04:54:35","slug":"contact","status":"publish","type":"page","link":"https:\/\/bksgtechs.com\/?page_id=19","title":{"rendered":"LI\u00caN H\u1ec6"},"content":{"rendered":"\n<hr class=\"wp-block-separator has-text-color has-background is-style-wide\" style=\"background-color:#d5d2d2;color:#d5d2d2\"\/>\n\n\n\n<p class=\"has-medium-font-size\"><strong>LI\u00caN H\u1ec6<\/strong><\/p>\n\n\n\n<div class=\"wp-block-columns is-layout-flex wp-container-core-columns-is-layout-9d6595d7 wp-block-columns-is-layout-flex\">\n<div class=\"wp-block-column is-layout-flow wp-block-column-is-layout-flow\">\n<p>Tr\u1ee5 s\u1edf ch\u00ednh: <strong>C\u00d4NG TY TNHH X\u00c2Y D\u1ef0NG TH\u01af\u01a0NG M\u1ea0I B\u00c1CH KHOA S\u00c0I G\u00d2N<\/strong><br>\u0110\u1ecba ch\u1ec9: 80\/3 \u0110\u01b0\u1eddng G\u00f2 D\u1ea7u, Ph\u01b0\u1eddng T\u00e2n Qu\u00fd, Qu\u1eadn T\u00e2n Ph\u00fa, TP. H\u1ed3 Ch\u00ed Minh<br>\u0110i\u1ec7n tho\u1ea1i: 0909 550 585<br>Email: bksg803n@gmail.com<\/p>\n<\/div>\n\n\n\n<div class=\"wp-block-column is-layout-flow wp-block-column-is-layout-flow\">\n<figure class=\"wp-block-image size-full is-resized\"><a href=\"https:\/\/bksgtechs.com\/wp-content\/uploads\/2021\/12\/ban-do-cong-ty.jpg\" target=\"_blank\" rel=\"noopener\"><img loading=\"lazy\" decoding=\"async\" src=\"https:\/\/bksgtechs.com\/wp-content\/uploads\/2021\/12\/ban-do-cong-ty.jpg\" alt=\"\" class=\"wp-image-94\" width=\"509\" height=\"367\" srcset=\"https:\/\/bksgtechs.com\/wp-content\/uploads\/2021\/12\/ban-do-cong-ty.jpg 889w, https:\/\/bksgtechs.com\/wp-content\/uploads\/2021\/12\/ban-do-cong-ty-300x216.jpg 300w, https:\/\/bksgtechs.com\/wp-content\/uploads\/2021\/12\/ban-do-cong-ty-768x554.jpg 768w\" sizes=\"auto, (max-width: 509px) 100vw, 509px\" \/><\/a><\/figure>\n<\/div>\n<\/div>\n\n\n\n<div class=\"wpcf7 no-js\" id=\"wpcf7-f4-o1\" lang=\"vi\" dir=\"ltr\" data-wpcf7-id=\"4\">\n<div class=\"screen-reader-response\"><p role=\"status\" aria-live=\"polite\" aria-atomic=\"true\"><\/p> <ul><\/ul><\/div>\n<form action=\"\/index.php?rest_route=%2Fwp%2Fv2%2Fpages%2F19#wpcf7-f4-o1\" method=\"post\" class=\"wpcf7-form init\" aria-label=\"Form li\u00ean h\u1ec7\" novalidate=\"novalidate\" data-status=\"init\">\n<div style=\"display: none;\">\n<input type=\"hidden\" name=\"_wpcf7\" value=\"4\" \/>\n<input type=\"hidden\" name=\"_wpcf7_version\" value=\"6.0.1\" \/>\n<input type=\"hidden\" name=\"_wpcf7_locale\" value=\"vi\" \/>\n<input type=\"hidden\" name=\"_wpcf7_unit_tag\" value=\"wpcf7-f4-o1\" \/>\n<input type=\"hidden\" name=\"_wpcf7_container_post\" value=\"0\" \/>\n<input type=\"hidden\" name=\"_wpcf7_posted_data_hash\" value=\"\" \/>\n<\/div>\n<p><label> H\u1ecd v\u00e0 T\u00ean<br \/>\n<span class=\"wpcf7-form-control-wrap\" data-name=\"your-name\"><input size=\"40\" maxlength=\"400\" class=\"wpcf7-form-control wpcf7-text wpcf7-validates-as-required\" aria-required=\"true\" aria-invalid=\"false\" value=\"\" type=\"text\" name=\"your-name\" \/><\/span> <\/label><br \/>\n<label> \u0110i\u1ec7n tho\u1ea1i<br \/>\n<span class=\"wpcf7-form-control-wrap\" data-name=\"your-name\"><input size=\"40\" maxlength=\"400\" class=\"wpcf7-form-control wpcf7-text wpcf7-validates-as-required\" aria-required=\"true\" aria-invalid=\"false\" value=\"\" type=\"text\" name=\"your-name\" \/><\/span> <\/label><br \/>\n<label> Email<br \/>\n<span class=\"wpcf7-form-control-wrap\" data-name=\"your-email\"><input size=\"40\" maxlength=\"400\" class=\"wpcf7-form-control wpcf7-email wpcf7-validates-as-required wpcf7-text wpcf7-validates-as-email\" aria-required=\"true\" aria-invalid=\"false\" value=\"\" type=\"email\" name=\"your-email\" \/><\/span> <\/label><br \/>\n<label> N\u1ed9i dung<br \/>\n<span class=\"wpcf7-form-control-wrap\" data-name=\"your-message\"><textarea cols=\"40\" rows=\"10\" maxlength=\"2000\" class=\"wpcf7-form-control wpcf7-textarea\" aria-invalid=\"false\" name=\"your-message\"><\/textarea><\/span> <\/label><br \/>\n<input class=\"wpcf7-form-control wpcf7-submit has-spinner\" type=\"submit\" value=\"G\u1eedi\" \/>\n<\/p><div class=\"wpcf7-response-output\" aria-hidden=\"true\"><\/div>\n<\/form>\n<\/div>\n\n\n\n\n<p><br><\/p>\n","protected":false},"excerpt":{"rendered":"<p>LI\u00caN H\u1ec6 Tr\u1ee5 s\u1edf ch\u00ednh: C\u00d4NG TY TNHH X\u00c2Y D\u1ef0NG TH\u01af\u01a0NG M\u1ea0I B\u00c1CH KHOA S\u00c0I G\u00d2N\u0110\u1ecba ch\u1ec9: 80\/3 \u0110\u01b0\u1eddng G\u00f2 D\u1ea7u, Ph\u01b0\u1eddng T\u00e2n Qu\u00fd, Qu\u1eadn T\u00e2n Ph\u00fa, TP. H\u1ed3 Ch\u00ed Minh\u0110i\u1ec7n tho\u1ea1i: 0909 550 585Email: bksg803n@gmail.com<\/p>\n","protected":false},"author":1,"featured_media":0,"parent":0,"menu_order":0,"comment_status":"closed","ping_status":"closed","template":"","meta":{"neve_meta_sidebar":"","neve_meta_container":"","neve_meta_enable_content_width":"on","neve_meta_content_width":100,"neve_meta_title_alignment":"","neve_meta_author_avatar":"","neve_post_elements_order":"","neve_meta_disable_header":"","neve_meta_disable_footer":"","neve_meta_disable_title":"on","footnotes":""},"class_list":["post-19","page","type-page","status-publish","hentry"],"_links":{"self":[{"href":"https:\/\/bksgtechs.com\/index.php?rest_route=\/wp\/v2\/pages\/19","targetHints":{"allow":["GET"]}}],"collection":[{"href":"https:\/\/bksgtechs.com\/index.php?rest_route=\/wp\/v2\/pages"}],"about":[{"href":"https:\/\/bksgtechs.com\/index.php?rest_route=\/wp\/v2\/types\/page"}],"author":[{"embeddable":true,"href":"https:\/\/bksgtechs.com\/index.php?rest_route=\/wp\/v2\/users\/1"}],"replies":[{"embeddable":true,"href":"https:\/\/bksgtechs.com\/index.php?rest_route=%2Fwp%2Fv2%2Fcomments&post=19"}],"version-history":[{"count":8,"href":"https:\/\/bksgtechs.com\/index.php?rest_route=\/wp\/v2\/pages\/19\/revisions"}],"predecessor-version":[{"id":122,"href":"https:\/\/bksgtechs.com\/index.php?rest_route=\/wp\/v2\/pages\/19\/revisions\/122"}],"wp:attachment":[{"href":"https:\/\/bksgtechs.com\/index.php?rest_route=%2Fwp%2Fv2%2Fmedia&parent=19"}],"curies":[{"name":"wp","href":"https:\/\/api.w.org\/{rel}","templated":true}]}}