{"id":183,"date":"2022-01-01T07:53:26","date_gmt":"2022-01-01T07:53:26","guid":{"rendered":"https:\/\/bksgtechs.com\/?page_id=183"},"modified":"2024-11-29T01:47:39","modified_gmt":"2024-11-29T01:47:39","slug":"cong-trinh","status":"publish","type":"page","link":"https:\/\/bksgtechs.com\/?page_id=183","title":{"rendered":"C\u00d4NG TR\u00ccNH"},"content":{"rendered":"\n<hr class=\"wp-block-separator has-text-color has-css-opacity has-background is-style-wide\" style=\"background-color:#d5d2d2;color:#d5d2d2\"\/>\n\n\n\n<p class=\"has-text-align-center\" style=\"font-size:24px\"><strong>C\u00d4NG TR\u00ccNH<\/strong><\/p>\n\n\n<style>.kt-tabs-id183_9341c4-19 > .kt-tabs-content-wrap > .wp-block-kadence-tab{border-top:1px solid var(--global-palette7, #eeeeee);border-right:0px solid var(--global-palette7, #eeeeee);border-bottom:0px solid var(--global-palette7, #eeeeee);border-left:0px solid var(--global-palette7, #eeeeee);border-top-left-radius:0px;border-top-right-radius:0px;border-bottom-right-radius:0px;border-bottom-left-radius:0px;padding-top:var(--global-kb-spacing-sm, 1.5rem);padding-right:var(--global-kb-spacing-sm, 1.5rem);padding-bottom:var(--global-kb-spacing-sm, 1.5rem);padding-left:var(--global-kb-spacing-sm, 1.5rem);background:var(--global-palette9, #ffffff);}.wp-block-kadence-tabs .kt-tabs-id183_9341c4-19 > .kt-tabs-title-list li{margin-top:0px;margin-right:8px;margin-bottom:0px;margin-left:0px;}.wp-block-kadence-tabs .kt-tabs-id183_9341c4-19 > .kt-tabs-title-list li:last-child{margin-right:0px;}.wp-block-kadence-tabs .kt-tabs-id183_9341c4-19 > .kt-tabs-title-list li .kt-tab-title, .wp-block-kadence-tabs .kt-tabs-id183_9341c4-19 > .kt-tabs-content-wrap > .kt-tabs-accordion-title .kt-tab-title{line-height:1.4em;font-weight:regular;font-style:normal;border-top-width:0px;border-right-width:0px;border-bottom-width:4px;border-left-width:0px;border-top-left-radius:4px;border-top-right-radius:4px;border-bottom-right-radius:0px;border-bottom-left-radius:0px;padding-top:8px;padding-right:20px;padding-bottom:8px;padding-left:20px;border-color:var(--global-palette9, #ffffff);color:var(--global-palette5, #444444);background:var(--global-palette9, #ffffff);}.wp-block-kadence-tabs .kt-tabs-id183_9341c4-19 > .kt-tabs-content-wrap > .kt-tabs-accordion-title .kt-tab-title{margin-top:0px;margin-right:8px;margin-bottom:0px;margin-left:0px;}.wp-block-kadence-tabs .kt-tabs-id183_9341c4-19 > .kt-tabs-title-list li .kt-tab-title:hover, .wp-block-kadence-tabs .kt-tabs-id183_9341c4-19 > .kt-tabs-content-wrap > .kt-tabs-accordion-title .kt-tab-title:hover{border-color:var(--global-palette7, #eeeeee);color:var(--global-palette5, #444444);background:var(--global-palette9, #ffffff);}.wp-block-kadence-tabs .kt-tabs-id183_9341c4-19 > .kt-tabs-title-list li.kt-tab-title-active .kt-tab-title, .wp-block-kadence-tabs .kt-tabs-id183_9341c4-19 > .kt-tabs-content-wrap > .kt-tabs-accordion-title.kt-tab-title-active .kt-tab-title{border-color:#0a6689;color:#0a6689;background:var(--global-palette9, #ffffff);}@media all and (max-width: 1024px){.kt-tabs-id183_9341c4-19 > .kt-tabs-content-wrap > .wp-block-kadence-tab{border-top:1px solid var(--global-palette7, #eeeeee);border-right:0px solid var(--global-palette7, #eeeeee);border-bottom:0px solid var(--global-palette7, #eeeeee);border-left:0px solid var(--global-palette7, #eeeeee);}}@media all and (max-width: 767px){.kt-tabs-id183_9341c4-19 > .kt-tabs-content-wrap > .wp-block-kadence-tab{border-top:1px solid var(--global-palette7, #eeeeee);border-right:0px solid var(--global-palette7, #eeeeee);border-bottom:0px solid var(--global-palette7, #eeeeee);border-left:0px solid var(--global-palette7, #eeeeee);}}<\/style>\n<div class=\"wp-block-kadence-tabs alignnone\"><div class=\"kt-tabs-wrap kt-tabs-id183_9341c4-19 kt-tabs-has-6-tabs kt-active-tab-4 kt-tabs-layout-tabs kt-tabs-tablet-layout-inherit kt-tabs-mobile-layout-inherit kt-tab-alignment-center \"><ul class=\"kt-tabs-title-list\"><li id=\"tab-strongthitkstrong\" class=\"kt-title-item kt-title-item-1 kt-tabs-svg-show-always kt-tabs-icon-side-right kt-tab-title-inactive\"><a href=\"#tab-strongthitkstrong\" data-tab=\"1\" class=\"kt-tab-title kt-tab-title-1 \"><span class=\"kt-title-text\"><strong>THI\u1ebeT K\u1ebe<\/strong><\/span><\/a><\/li><li id=\"tab-strongthmtrastrong\" class=\"kt-title-item kt-title-item-2 kt-tabs-svg-show-always kt-tabs-icon-side-right kt-tab-title-inactive\"><a href=\"#tab-strongthmtrastrong\" data-tab=\"2\" class=\"kt-tab-title kt-tab-title-2 \"><span class=\"kt-title-text\"><strong>TH\u1ea8M TRA<\/strong><\/span><\/a><\/li><li id=\"tab-strongthicngstrong\" class=\"kt-title-item kt-title-item-3 kt-tabs-svg-show-always kt-tabs-icon-side-right kt-tab-title-inactive\"><a href=\"#tab-strongthicngstrong\" data-tab=\"3\" class=\"kt-tab-title kt-tab-title-3 \"><span class=\"kt-title-text\"><strong>THI C\u00d4NG<\/strong><\/span><\/a><\/li><li id=\"tab-strongkimnhstrong\" class=\"kt-title-item kt-title-item-4 kt-tabs-svg-show-always kt-tabs-icon-side-right kt-tab-title-active\"><a href=\"#tab-strongkimnhstrong\" data-tab=\"4\" class=\"kt-tab-title kt-tab-title-4 \"><span class=\"kt-title-text\"><strong>KI\u1ec2M \u0110\u1ecaNH<\/strong><\/span><\/a><\/li><li id=\"tab-stronggimststrong\" class=\"kt-title-item kt-title-item-5 kt-tabs-svg-show-always kt-tabs-icon-side-right kt-tab-title-inactive\"><a href=\"#tab-stronggimststrong\" data-tab=\"5\" class=\"kt-tab-title kt-tab-title-5 \"><span class=\"kt-title-text\"><strong>GI\u00c1M S\u00c1T<\/strong><\/span><\/a><\/li><li id=\"tab-strongksc-quantrclnstrong\" class=\"kt-title-item kt-title-item-6 kt-tabs-svg-show-always kt-tabs-icon-side-right kt-tab-title-inactive\"><a href=\"#tab-strongksc-quantrclnstrong\" data-tab=\"6\" class=\"kt-tab-title kt-tab-title-6 \"><span class=\"kt-title-text\"><strong>KS\u0110C &#8211; QUAN TR\u1eaeC L\u00daN<\/strong><\/span><\/a><\/li><\/ul><div class=\"kt-tabs-content-wrap\">\n<div class=\"wp-block-kadence-tab kt-tab-inner-content kt-inner-tab-1 kt-inner-tabdc0033-7f\"><div class=\"kt-tab-inner-content-inner\">\n<div class=\"wp-block-columns is-layout-flex wp-container-core-columns-is-layout-9d6595d7 wp-block-columns-is-layout-flex\">\n<div class=\"wp-block-column is-layout-flow wp-block-column-is-layout-flow\">\n<figure class=\"wp-block-image size-full\"><img loading=\"lazy\" decoding=\"async\" width=\"700\" height=\"438\" src=\"https:\/\/bksgtechs.com\/wp-content\/uploads\/2024\/11\/tram-thu-phi-319.jpeg\" alt=\"\" class=\"wp-image-228\" srcset=\"https:\/\/bksgtechs.com\/wp-content\/uploads\/2024\/11\/tram-thu-phi-319.jpeg 700w, https:\/\/bksgtechs.com\/wp-content\/uploads\/2024\/11\/tram-thu-phi-319-300x188.jpeg 300w\" sizes=\"auto, (max-width: 700px) 100vw, 700px\" \/><\/figure>\n\n\n\n<p class=\"has-text-align-center has-neve-text-color-color has-text-color has-link-color has-medium-font-size wp-elements-c1bcad94aa6417ee86ea55665a6a6eed\"><strong>Thi\u1ebft k\u1ebf v\u00e0 t\u00ednh to\u00e1n h\u1ec7 m\u00e1i che tr\u1ea1m thu ph\u00ed 319 HLD<\/strong><\/p>\n\n\n\n<p>\u0110\u1ecba \u0111i\u1ec3m: \u0110\u01b0\u1eddng 319 n\u1ed1i d\u00e0i v\u00e0 n\u00fat giao gi\u1eefa \u0111\u01b0\u1eddng 319 v\u1edbi \u0111\u01b0\u1eddng cao t\u1ed1c TP.HCM &#8211; Long Th\u00e0nh &#8211; D\u1ea7u Gi\u00e2y<\/p>\n\n\n\n<p><\/p>\n<\/div>\n\n\n\n<div class=\"wp-block-column is-layout-flow wp-block-column-is-layout-flow\"><\/div>\n<\/div>\n<\/div><\/div>\n\n\n\n<div class=\"wp-block-kadence-tab kt-tab-inner-content kt-inner-tab-2 kt-inner-tab5695a0-54\"><div class=\"kt-tab-inner-content-inner\">\n<div class=\"wp-block-columns is-layout-flex wp-container-core-columns-is-layout-9d6595d7 wp-block-columns-is-layout-flex\">\n<div class=\"wp-block-column is-layout-flow wp-block-column-is-layout-flow\">\n<figure class=\"wp-block-image size-large\"><img loading=\"lazy\" decoding=\"async\" width=\"1024\" height=\"602\" src=\"https:\/\/bksgtechs.com\/wp-content\/uploads\/2024\/11\/CC-River-GATE-1024x602.png\" alt=\"\" class=\"wp-image-231\" srcset=\"https:\/\/bksgtechs.com\/wp-content\/uploads\/2024\/11\/CC-River-GATE-1024x602.png 1024w, https:\/\/bksgtechs.com\/wp-content\/uploads\/2024\/11\/CC-River-GATE-300x177.png 300w, https:\/\/bksgtechs.com\/wp-content\/uploads\/2024\/11\/CC-River-GATE-768x452.png 768w, https:\/\/bksgtechs.com\/wp-content\/uploads\/2024\/11\/CC-River-GATE.png 1200w\" sizes=\"auto, (max-width: 1024px) 100vw, 1024px\" \/><\/figure>\n\n\n\n<p class=\"has-text-align-center has-medium-font-size\"><strong>Th\u1ea9m tra kh\u1ea3 n\u0103ng ch\u1ecbu l\u1ef1c c\u1ee7a b\u1ea3ng qu\u1ea3ng c\u00e1o<\/strong><br><strong>Chung c\u01b0 River Gate<\/strong><\/p>\n\n\n\n<p class=\"has-text-align-center\">\u0110\u1ecba \u0111i\u1ec3m: Chung c\u01b0 River Gate \u0111\u01b0\u1eddng B\u1ebfn V\u00e2n \u0110\u1ed3n, Q.4, TP. HCM<\/p>\n<\/div>\n\n\n\n<div class=\"wp-block-column is-layout-flow wp-block-column-is-layout-flow\"><\/div>\n<\/div>\n<\/div><\/div>\n\n\n\n<div class=\"wp-block-kadence-tab kt-tab-inner-content kt-inner-tab-3 kt-inner-tab809a12-9c\"><div class=\"kt-tab-inner-content-inner\">\n<div class=\"wp-block-columns is-layout-flex wp-container-core-columns-is-layout-9d6595d7 wp-block-columns-is-layout-flex\">\n<div class=\"wp-block-column is-layout-flow wp-block-column-is-layout-flow\">\n<p class=\"has-medium-font-size\"><strong>T\u00f2a nh\u00e0 C\u00f4ng ty TNHH C\u01a1 Kh\u00ed v\u00e0 X\u00e2y D\u1ef1ng 86<\/strong><\/p>\n\n\n\n<p>\u0110\u1ecba \u0111i\u1ec3m :<\/p>\n<\/div>\n\n\n\n<div class=\"wp-block-column is-layout-flow wp-block-column-is-layout-flow\"><\/div>\n<\/div>\n<\/div><\/div>\n\n\n\n<div class=\"wp-block-kadence-tab kt-tab-inner-content kt-inner-tab-4 kt-inner-taba5b465-8c\"><div class=\"kt-tab-inner-content-inner\">\n<div class=\"wp-block-columns is-layout-flex wp-container-core-columns-is-layout-9d6595d7 wp-block-columns-is-layout-flex\">\n<div class=\"wp-block-column is-layout-flow wp-block-column-is-layout-flow\">\n<figure class=\"wp-block-image size-large\"><img loading=\"lazy\" decoding=\"async\" width=\"1024\" height=\"602\" src=\"https:\/\/bksgtechs.com\/wp-content\/uploads\/2024\/11\/CC-River-GATE-1024x602.png\" alt=\"\" class=\"wp-image-231\" srcset=\"https:\/\/bksgtechs.com\/wp-content\/uploads\/2024\/11\/CC-River-GATE-1024x602.png 1024w, https:\/\/bksgtechs.com\/wp-content\/uploads\/2024\/11\/CC-River-GATE-300x177.png 300w, https:\/\/bksgtechs.com\/wp-content\/uploads\/2024\/11\/CC-River-GATE-768x452.png 768w, https:\/\/bksgtechs.com\/wp-content\/uploads\/2024\/11\/CC-River-GATE.png 1200w\" sizes=\"auto, (max-width: 1024px) 100vw, 1024px\" \/><\/figure>\n\n\n\n<p class=\"has-text-align-center has-medium-font-size\"><strong>Ki\u1ec3m \u0111\u1ecbnh k\u1ebft c\u1ea5u hi\u1ec7n tr\u1ea1ng khi l\u1eafp b\u1ea3ng qu\u1ea3ng c\u00e1o<\/strong><br><strong>Chung c\u01b0 River Gate<\/strong><\/p>\n\n\n\n<p>\u0110\u1ecba \u0111i\u1ec3m: Chung c\u01b0 River Gate \u0111\u01b0\u1eddng B\u1ebfn V\u00e2n \u0110\u1ed3n, Q.4, TP. HCM<\/p>\n\n\n\n<figure class=\"wp-block-image size-full\"><img loading=\"lazy\" decoding=\"async\" width=\"540\" height=\"320\" src=\"https:\/\/bksgtechs.com\/wp-content\/uploads\/2024\/11\/image-1.png\" alt=\"\" class=\"wp-image-245\" srcset=\"https:\/\/bksgtechs.com\/wp-content\/uploads\/2024\/11\/image-1.png 540w, https:\/\/bksgtechs.com\/wp-content\/uploads\/2024\/11\/image-1-300x178.png 300w\" sizes=\"auto, (max-width: 540px) 100vw, 540px\" \/><\/figure>\n\n\n\n<p class=\"has-text-align-center has-medium-font-size\"><strong>Ki\u1ec3m \u0111\u1ecbnh k\u1ebft c\u1ea5u ch\u1ecbu l\u1ef1c nh\u00e0 x\u01b0\u1edfng sau khi l\u1eafp \u0111\u1eb7t t\u1ea5m pin n\u0103ng l\u01b0\u1ee3ng m\u1eb7t tr\u1eddi<\/strong><\/p>\n\n\n\n<p>\u0110\u1ecba \u0111i\u1ec3m: Khu nh\u00e0 \u1edf c\u00f4ng nh\u00e2n c\u1ee5m c\u00f4ng nghi\u1ec7p Ki\u1ebfn Th\u00e0nh<br><\/p>\n\n\n<div class=\"wp-block-image\">\n<figure class=\"aligncenter size-full is-resized\"><img loading=\"lazy\" decoding=\"async\" width=\"504\" height=\"395\" src=\"https:\/\/bksgtechs.com\/wp-content\/uploads\/2024\/11\/image-3.png\" alt=\"\" class=\"wp-image-248\" style=\"width:424px\" srcset=\"https:\/\/bksgtechs.com\/wp-content\/uploads\/2024\/11\/image-3.png 504w, https:\/\/bksgtechs.com\/wp-content\/uploads\/2024\/11\/image-3-300x235.png 300w\" sizes=\"auto, (max-width: 504px) 100vw, 504px\" \/><\/figure>\n<\/div>\n\n\n<p class=\"has-text-align-center has-medium-font-size\"><strong>Ki\u1ec3m \u0111\u1ecbnh h\u01b0 h\u1ecfng k\u1ebft c\u1ea5u v\u00e0 l\u1eadp ph\u01b0\u01a1ng \u00e1n s\u1eeda ch\u1eefa h\u01b0 h\u1ecfng Trung t\u00e2m th\u01b0\u01a1ng m\u1ea1i An N\u00f4ng 3<\/strong><\/p>\n\n\n\n<p>\u0110\u1ecba \u0111i\u1ec3m: Huy\u1ec7n \u0110\u1ee9c H\u00f2a, t\u1ec9nh Long An<\/p>\n<\/div>\n\n\n\n<div class=\"wp-block-column is-layout-flow wp-block-column-is-layout-flow\">\n<figure class=\"wp-block-image size-full is-resized\"><img loading=\"lazy\" decoding=\"async\" width=\"542\" height=\"317\" src=\"https:\/\/bksgtechs.com\/wp-content\/uploads\/2024\/11\/image.png\" alt=\"\" class=\"wp-image-243\" style=\"width:557px;height:auto\" srcset=\"https:\/\/bksgtechs.com\/wp-content\/uploads\/2024\/11\/image.png 542w, https:\/\/bksgtechs.com\/wp-content\/uploads\/2024\/11\/image-300x175.png 300w\" sizes=\"auto, (max-width: 542px) 100vw, 542px\" \/><\/figure>\n\n\n\n<p class=\"has-text-align-center has-medium-font-size\"><strong>Ki\u1ec3m \u0111\u1ecbnh k\u1ebft c\u1ea5u ch\u1ecbu l\u1ef1c nh\u00e0 x\u01b0\u1edfng sau khi l\u1eafp \u0111\u1eb7t t\u1ea5m pin n\u0103ng l\u01b0\u1ee3ng m\u1eb7t tr\u1eddi<\/strong><\/p>\n\n\n\n<p>\u0110\u1ecba \u0111i\u1ec3m: 934 \u0111\u01b0\u1eddng D, KCN C\u00e1t L\u00e1i, P. Th\u1ea1nh M\u1ef9 L\u1ee3i, TP. Th\u1ee7 \u0110\u1ee9c, TP. HCM<\/p>\n\n\n<div class=\"wp-block-image\">\n<figure class=\"aligncenter size-full is-resized\"><img loading=\"lazy\" decoding=\"async\" width=\"535\" height=\"405\" src=\"https:\/\/bksgtechs.com\/wp-content\/uploads\/2024\/11\/image-2.png\" alt=\"\" class=\"wp-image-247\" style=\"width:424px;height:auto\" srcset=\"https:\/\/bksgtechs.com\/wp-content\/uploads\/2024\/11\/image-2.png 535w, https:\/\/bksgtechs.com\/wp-content\/uploads\/2024\/11\/image-2-300x227.png 300w\" sizes=\"auto, (max-width: 535px) 100vw, 535px\" \/><\/figure>\n<\/div>\n\n\n<p class=\"has-text-align-center has-medium-font-size\"><strong>Ki\u1ec3m \u0111\u1ecbnh ch\u1ea5t l\u01b0\u1ee3ng v\u00e0 \u0111\u00e1nh gi\u00e1 an to\u00e0n k\u1ebft c\u1ea7u <br><strong>nh\u00e0 x\u01b0\u1edfng<\/strong><\/strong> c<strong>\u00f4ng ty JI MEI<\/strong><\/p>\n\n\n\n<p>\u0110\u1ecba \u0111i\u1ec3m: L\u00f4 44 \u0110\u01b0\u1eddng s\u1ed1 11, KCN T\u00e2n \u0110\u1ee9c, x\u00e3 H\u1eefu Th\u1ea1nh, Huy\u1ec7n \u0110\u1ee9c H\u00f2a, T\u1ec9nh Long An<\/p>\n\n\n<div class=\"wp-block-image\">\n<figure class=\"aligncenter size-full is-resized\"><img loading=\"lazy\" decoding=\"async\" width=\"532\" height=\"398\" src=\"https:\/\/bksgtechs.com\/wp-content\/uploads\/2024\/11\/image-4.png\" alt=\"\" class=\"wp-image-250\" style=\"width:445px;height:auto\" srcset=\"https:\/\/bksgtechs.com\/wp-content\/uploads\/2024\/11\/image-4.png 532w, https:\/\/bksgtechs.com\/wp-content\/uploads\/2024\/11\/image-4-300x224.png 300w\" sizes=\"auto, (max-width: 532px) 100vw, 532px\" \/><\/figure>\n<\/div>\n\n\n<p class=\"has-text-align-center has-medium-font-size\"><strong>Ki\u1ec3m \u0111\u1ecbnh \u0111\u00e1nh gi\u00e1 hi\u1ec7n tr\u1ea1ng  nh\u00e0 m\u00e1y ch\u1ebf bi\u1ebfn g\u1ea1o<br>C\u00f4ng ty TNHH XD-DV-TM Ki\u1ebfn Th\u00e0nh<\/strong><\/p>\n\n\n\n<p>\u0110\u1ecba \u0111i\u1ec3m: C\u1ee5m c\u00f4ng nghi\u1ec7p Ki\u1ebfn Th\u00e0nh, C\u1ea7n \u0110\u01b0\u1edbc, Long An<\/p>\n<\/div>\n<\/div>\n<\/div><\/div>\n\n\n\n<div class=\"wp-block-kadence-tab kt-tab-inner-content kt-inner-tab-5 kt-inner-tab9b305c-aa\"><div class=\"kt-tab-inner-content-inner\"><\/div><\/div>\n\n\n\n<div class=\"wp-block-kadence-tab kt-tab-inner-content kt-inner-tab-6 kt-inner-tab23ee5b-86\"><div class=\"kt-tab-inner-content-inner\"><\/div><\/div>\n<\/div><\/div><\/div>\n\n\n\n<p class=\"has-text-align-center\"><\/p>\n\n\n\n<p><\/p>\n","protected":false},"excerpt":{"rendered":"<p>C\u00d4NG TR\u00ccNH<\/p>\n","protected":false},"author":1,"featured_media":0,"parent":0,"menu_order":0,"comment_status":"closed","ping_status":"closed","template":"","meta":{"neve_meta_sidebar":"","neve_meta_container":"","neve_meta_enable_content_width":"on","neve_meta_content_width":100,"neve_meta_title_alignment":"","neve_meta_author_avatar":"","neve_post_elements_order":"","neve_meta_disable_header":"","neve_meta_disable_footer":"","neve_meta_disable_title":"on","footnotes":""},"class_list":["post-183","page","type-page","status-publish","hentry"],"_links":{"self":[{"href":"https:\/\/bksgtechs.com\/index.php?rest_route=\/wp\/v2\/pages\/183","targetHints":{"allow":["GET"]}}],"collection":[{"href":"https:\/\/bksgtechs.com\/index.php?rest_route=\/wp\/v2\/pages"}],"about":[{"href":"https:\/\/bksgtechs.com\/index.php?rest_route=\/wp\/v2\/types\/page"}],"author":[{"embeddable":true,"href":"https:\/\/bksgtechs.com\/index.php?rest_route=\/wp\/v2\/users\/1"}],"replies":[{"embeddable":true,"href":"https:\/\/bksgtechs.com\/index.php?rest_route=%2Fwp%2Fv2%2Fcomments&post=183"}],"version-history":[{"count":14,"href":"https:\/\/bksgtechs.com\/index.php?rest_route=\/wp\/v2\/pages\/183\/revisions"}],"predecessor-version":[{"id":252,"href":"https:\/\/bksgtechs.com\/index.php?rest_route=\/wp\/v2\/pages\/183\/revisions\/252"}],"wp:attachment":[{"href":"https:\/\/bksgtechs.com\/index.php?rest_route=%2Fwp%2Fv2%2Fmedia&parent=183"}],"curies":[{"name":"wp","href":"https:\/\/api.w.org\/{rel}","templated":true}]}}