{"id":17,"date":"2021-12-02T02:03:57","date_gmt":"2021-12-02T02:03:57","guid":{"rendered":"https:\/\/bksgtechs.com\/?page_id=17"},"modified":"2021-12-08T07:27:05","modified_gmt":"2021-12-08T07:27:05","slug":"home","status":"publish","type":"page","link":"https:\/\/bksgtechs.com\/","title":{"rendered":"TRANG CH\u1ee6"},"content":{"rendered":"\n\n\n\n<p class=\"has-text-color has-medium-font-size\" style=\"color:#fe0000\"><br><strong>C\u00d4NG TY TNHH X\u00c2Y D\u1ef0NG TH\u01af\u01a0NG M\u1ea0I B\u00c1CH KHOA S\u00c0I G\u00d2N<\/strong> <\/p>\n\n\n\n<div class=\"wp-block-columns is-layout-flex wp-container-core-columns-is-layout-9d6595d7 wp-block-columns-is-layout-flex\">\n<div class=\"wp-block-column is-layout-flow wp-block-column-is-layout-flow\" style=\"flex-basis:100%\">\n<p>C\u00f4ng ty TNHH X\u00e2y d\u1ef1ng Th\u01b0\u01a1ng m\u1ea1i B\u00e1ch Khoa S\u00e0i G\u00f2n (g\u1ecdi t\u1eaft l\u00e0<strong> BKSG Construction<\/strong>) ho\u1ea1t \u0111\u1ed9ng trong l\u0129nh v\u1ef1c x\u00e2y d\u1ef1ng chuy\u00ean ng\u00e0nh nh\u01b0 sau: Thi c\u00f4ng x\u00e2y d\u1ef1ng c\u00f4ng tr\u00ecnh, \u00a0ki\u1ec3m \u0111\u1ecbnh ch\u1ea5t l\u01b0\u1ee3ng, kh\u1ea3o s\u00e1t \u0111\u1ecba ch\u1ea5t c\u00f4ng tr\u00ecnh, thi\u1ebft k\u1ebf, th\u1ea9m tra h\u1ed3 s\u01a1 thi\u1ebft k\u1ebf k\u1ef9 thu\u1eadt, t\u01b0 v\u1ea5n gi\u00e1m s\u00e1t c\u00f4ng tr\u00ecnh d\u00e2n d\u1ee5ng v\u00e0 c\u00f4ng nghi\u1ec7p, th\u00ed nghi\u1ec7m v\u1eadt li\u1ec7u x\u00e2y d\u1ef1ng,\u2026. Ngo\u00e0i ra <strong>BKSG Construction<\/strong> v\u1eabn lu\u00f4n l\u00e0 s\u1ef1 l\u1ef1a ch\u1ecdn h\u00e0ng \u0111\u1ea7u v\u00e0 tin t\u01b0\u1edfng c\u1ee7a qu\u00fd kh\u00e1ch h\u00e0ng trong v\u00e0 ngo\u00e0i n\u01b0\u1edbc trong l\u0129nh v\u1ef1c thi c\u00f4ng, t\u01b0 v\u1ea5n ki\u1ec3m \u0111\u1ecbnh c\u00f4ng tr\u00ecnh x\u00e2y d\u1ef1ng d\u00e2n d\u1ee5ng &amp; c\u00f4ng nghi\u1ec7p \u0111\u1eb7c bi\u1ec7t l\u00e0 c\u00f4ng tr\u00ecnh c\u00f4ng nghi\u1ec7p (c\u00e1c nh\u00e0 m\u00e1y, x\u01b0\u1edfng s\u1ea3n xu\u1ea5t,\u2026.).<br><strong>BKSG Construction<\/strong> v\u1edbi mong mu\u1ed1n, kh\u00e1t khao <strong>\u201cx\u00e2y d\u1ef1ng ni\u1ec1m tin\u201d<\/strong> b\u1ec1n v\u1eefng \u0111\u1ed1i v\u1edbi qu\u00fd kh\u00e1ch h\u00e0ng. S\u1ef1 h\u00e0i l\u00f2ng, tin t\u01b0\u1edfng c\u1ee7a qu\u00fd v\u1ecb l\u00e0 ni\u1ec1m vinh d\u1ef1 cho m\u1ed7i th\u00e0nh vi\u00ean C\u00f4ng ty ch\u00fang t\u00f4i.<\/p>\n<\/div>\n<\/div>\n","protected":false},"excerpt":{"rendered":"<p>C\u00d4NG TY TNHH X\u00c2Y D\u1ef0NG TH\u01af\u01a0NG M\u1ea0I B\u00c1CH KHOA S\u00c0I G\u00d2N C\u00f4ng ty TNHH X\u00e2y d\u1ef1ng Th\u01b0\u01a1ng m\u1ea1i B\u00e1ch Khoa S\u00e0i G\u00f2n (g\u1ecdi t\u1eaft l\u00e0 BKSG Construction) ho\u1ea1t \u0111\u1ed9ng trong l\u0129nh v\u1ef1c x\u00e2y d\u1ef1ng chuy\u00ean ng\u00e0nh nh\u01b0 sau: Thi c\u00f4ng x\u00e2y d\u1ef1ng c\u00f4ng tr\u00ecnh, \u00a0ki\u1ec3m \u0111\u1ecbnh ch\u1ea5t l\u01b0\u1ee3ng, kh\u1ea3o s\u00e1t \u0111\u1ecba ch\u1ea5t c\u00f4ng tr\u00ecnh, thi\u1ebft&hellip;&nbsp;<a href=\"https:\/\/bksgtechs.com\/\" class=\"\" rel=\"bookmark\">\u0110\u1ecdc ti\u1ebfp &raquo;<span class=\"screen-reader-text\">TRANG CH\u1ee6<\/span><\/a><\/p>\n","protected":false},"author":1,"featured_media":0,"parent":0,"menu_order":0,"comment_status":"closed","ping_status":"closed","template":"","meta":{"neve_meta_sidebar":"","neve_meta_container":"contained","neve_meta_enable_content_width":"on","neve_meta_content_width":100,"neve_meta_title_alignment":"center","neve_meta_author_avatar":"","neve_post_elements_order":"","neve_meta_disable_header":"","neve_meta_disable_footer":"","neve_meta_disable_title":"on","footnotes":""},"class_list":["post-17","page","type-page","status-publish","hentry"],"_links":{"self":[{"href":"https:\/\/bksgtechs.com\/index.php?rest_route=\/wp\/v2\/pages\/17","targetHints":{"allow":["GET"]}}],"collection":[{"href":"https:\/\/bksgtechs.com\/index.php?rest_route=\/wp\/v2\/pages"}],"about":[{"href":"https:\/\/bksgtechs.com\/index.php?rest_route=\/wp\/v2\/types\/page"}],"author":[{"embeddable":true,"href":"https:\/\/bksgtechs.com\/index.php?rest_route=\/wp\/v2\/users\/1"}],"replies":[{"embeddable":true,"href":"https:\/\/bksgtechs.com\/index.php?rest_route=%2Fwp%2Fv2%2Fcomments&post=17"}],"version-history":[{"count":10,"href":"https:\/\/bksgtechs.com\/index.php?rest_route=\/wp\/v2\/pages\/17\/revisions"}],"predecessor-version":[{"id":92,"href":"https:\/\/bksgtechs.com\/index.php?rest_route=\/wp\/v2\/pages\/17\/revisions\/92"}],"wp:attachment":[{"href":"https:\/\/bksgtechs.com\/index.php?rest_route=%2Fwp%2Fv2%2Fmedia&parent=17"}],"curies":[{"name":"wp","href":"https:\/\/api.w.org\/{rel}","templated":true}]}}