{"id":141,"date":"2021-12-25T03:36:53","date_gmt":"2021-12-25T03:36:53","guid":{"rendered":"https:\/\/bksgtechs.com\/?page_id=141"},"modified":"2021-12-25T03:49:20","modified_gmt":"2021-12-25T03:49:20","slug":"khao-sat-dia-chat-va-quan-trac-cong-trinh","status":"publish","type":"page","link":"https:\/\/bksgtechs.com\/?page_id=141","title":{"rendered":"KH\u1ea2O S\u00c1T \u0110\u1ecaA CH\u1ea4T V\u00c0 QUAN TR\u1eaeC C\u00d4NG TR\u00ccNH"},"content":{"rendered":"\n<hr class=\"wp-block-separator has-text-color has-background is-style-wide\" style=\"background-color:#d5d2d2;color:#d5d2d2\"\/>\n\n\n\n<div class=\"wp-block-columns is-layout-flex wp-container-core-columns-is-layout-9d6595d7 wp-block-columns-is-layout-flex\">\n<div class=\"wp-block-column is-layout-flow wp-block-column-is-layout-flow\" style=\"flex-basis:66.66%\">\n<p class=\"has-text-align-center\" style=\"font-size:24px\"><strong>KH\u1ea2O S\u00c1T \u0110\u1ecaA CH\u1ea4T V\u00c0 QUAN TR\u1eaeC C\u00d4NG TR\u00ccNH<\/strong><\/p>\n<\/div>\n\n\n\n<div class=\"wp-block-column is-layout-flow wp-block-column-is-layout-flow\" style=\"flex-basis:33.33%\">\n<p class=\"has-text-align-left has-medium-font-size\"><strong>D\u1ecaCH V\u1ee4<\/strong><\/p>\n\n\n\n<p><strong><a href=\"https:\/\/bksgtechs.com\/?page_id=123\" data-type=\"URL\" data-id=\"https:\/\/bksgtechs.com\/?page_id=123\">Thi c\u00f4ng c\u00f4ng tr\u00ecnh<\/a><\/strong><br><strong><a href=\"https:\/\/bksgtechs.com\/?page_id=132\" data-type=\"URL\" data-id=\"https:\/\/bksgtechs.com\/?page_id=132\">Ki\u1ec3m \u0111\u1ecbnh c\u00f4ng tr\u00ecnh<\/a><\/strong><br><strong><a href=\"https:\/\/bksgtechs.com\/?page_id=135\" data-type=\"URL\" data-id=\"https:\/\/bksgtechs.com\/?page_id=135\">T\u01b0 v\u1ea5n thi\u1ebft k\u1ebf<\/a><\/strong><br><strong><a href=\"https:\/\/bksgtechs.com\/?page_id=137\" data-type=\"URL\" data-id=\"https:\/\/bksgtechs.com\/?page_id=137\">Th\u1ea9m tra thi\u1ebft k\u1ebf v\u00e0 d\u1ef1 to\u00e1n<\/a><\/strong><br><strong><a href=\"https:\/\/bksgtechs.com\/?page_id=139\" data-type=\"URL\" data-id=\"https:\/\/bksgtechs.com\/?page_id=139\">Qu\u1ea3n l\u00fd d\u1ef1 \u00e1n v\u00e0 Gi\u00e1m s\u00e1t thi c\u00f4ng<\/a><\/strong><br><strong><a href=\"https:\/\/bksgtechs.com\/?page_id=141\" data-type=\"URL\" data-id=\"https:\/\/bksgtechs.com\/?page_id=141\">Kh\u1ea3o s\u00e1t \u0111\u1ecba ch\u1ea5t v\u00e0 quan tr\u1eafc c\u00f4ng tr\u00ecnh<\/a><\/strong><br><strong><a href=\"https:\/\/bksgtechs.com\/?page_id=143\" data-type=\"URL\" data-id=\"https:\/\/bksgtechs.com\/?page_id=143\">Th\u00ed nghi\u1ec7m v\u1eadt li\u1ec7u x\u00e2y d\u1ef1ng<\/a><\/strong><\/p>\n<\/div>\n<\/div>\n","protected":false},"excerpt":{"rendered":"<p>KH\u1ea2O S\u00c1T \u0110\u1ecaA CH\u1ea4T V\u00c0 QUAN TR\u1eaeC C\u00d4NG TR\u00ccNH D\u1ecaCH V\u1ee4 Thi c\u00f4ng c\u00f4ng tr\u00ecnhKi\u1ec3m \u0111\u1ecbnh c\u00f4ng tr\u00ecnhT\u01b0 v\u1ea5n thi\u1ebft k\u1ebfTh\u1ea9m tra thi\u1ebft k\u1ebf v\u00e0 d\u1ef1 to\u00e1nQu\u1ea3n l\u00fd d\u1ef1 \u00e1n v\u00e0 Gi\u00e1m s\u00e1t thi c\u00f4ngKh\u1ea3o s\u00e1t \u0111\u1ecba ch\u1ea5t v\u00e0 quan tr\u1eafc c\u00f4ng tr\u00ecnhTh\u00ed nghi\u1ec7m v\u1eadt li\u1ec7u x\u00e2y d\u1ef1ng<\/p>\n","protected":false},"author":1,"featured_media":0,"parent":130,"menu_order":0,"comment_status":"closed","ping_status":"closed","template":"","meta":{"neve_meta_sidebar":"","neve_meta_container":"","neve_meta_enable_content_width":"on","neve_meta_content_width":100,"neve_meta_title_alignment":"","neve_meta_author_avatar":"","neve_post_elements_order":"","neve_meta_disable_header":"","neve_meta_disable_footer":"","neve_meta_disable_title":"on","footnotes":""},"class_list":["post-141","page","type-page","status-publish","hentry"],"_links":{"self":[{"href":"https:\/\/bksgtechs.com\/index.php?rest_route=\/wp\/v2\/pages\/141","targetHints":{"allow":["GET"]}}],"collection":[{"href":"https:\/\/bksgtechs.com\/index.php?rest_route=\/wp\/v2\/pages"}],"about":[{"href":"https:\/\/bksgtechs.com\/index.php?rest_route=\/wp\/v2\/types\/page"}],"author":[{"embeddable":true,"href":"https:\/\/bksgtechs.com\/index.php?rest_route=\/wp\/v2\/users\/1"}],"replies":[{"embeddable":true,"href":"https:\/\/bksgtechs.com\/index.php?rest_route=%2Fwp%2Fv2%2Fcomments&post=141"}],"version-history":[{"count":9,"href":"https:\/\/bksgtechs.com\/index.php?rest_route=\/wp\/v2\/pages\/141\/revisions"}],"predecessor-version":[{"id":161,"href":"https:\/\/bksgtechs.com\/index.php?rest_route=\/wp\/v2\/pages\/141\/revisions\/161"}],"up":[{"embeddable":true,"href":"https:\/\/bksgtechs.com\/index.php?rest_route=\/wp\/v2\/pages\/130"}],"wp:attachment":[{"href":"https:\/\/bksgtechs.com\/index.php?rest_route=%2Fwp%2Fv2%2Fmedia&parent=141"}],"curies":[{"name":"wp","href":"https:\/\/api.w.org\/{rel}","templated":true}]}}