{"id":139,"date":"2021-12-25T03:35:57","date_gmt":"2021-12-25T03:35:57","guid":{"rendered":"https:\/\/bksgtechs.com\/?page_id=139"},"modified":"2022-01-01T07:16:57","modified_gmt":"2022-01-01T07:16:57","slug":"quan-ly-du-an-va-giam-sat-thi-cong","status":"publish","type":"page","link":"https:\/\/bksgtechs.com\/?page_id=139","title":{"rendered":"QU\u1ea2N L\u00dd D\u1ef0 \u00c1N V\u00c0 GI\u00c1M S\u00c1T THI C\u00d4NG"},"content":{"rendered":"\n<hr class=\"wp-block-separator has-text-color has-background is-style-wide\" style=\"background-color:#d5d2d2;color:#d5d2d2\"\/>\n\n\n\n<div class=\"wp-block-columns is-layout-flex wp-container-core-columns-is-layout-9d6595d7 wp-block-columns-is-layout-flex\">\n<div class=\"wp-block-column is-layout-flow wp-block-column-is-layout-flow\" style=\"flex-basis:66.66%\">\n<p class=\"has-text-align-center\" style=\"font-size:24px\"><strong>QU\u1ea2N L\u00dd D\u1ef0 \u00c1N V\u00c0 GI\u00c1M S\u00c1T THI C\u00d4NG<\/strong><\/p>\n\n\n\n<ul class=\"wp-block-list\"><li>T\u01b0 v\u1ea5n qu\u1ea3n l\u00fd d\u1ef1 \u00e1n \u0111\u1ea7u t\u01b0 x\u00e2y d\u1ef1ng c\u00f4ng tr\u00ecnh<\/li><li>Gi\u00e1m s\u00e1t thi c\u00f4ng c\u00f4ng tr\u00ecnh<\/li><\/ul>\n<\/div>\n\n\n\n<div class=\"wp-block-column is-layout-flow wp-block-column-is-layout-flow\" style=\"flex-basis:33.33%\">\n<p class=\"has-text-align-left has-medium-font-size\"><strong>D\u1ecaCH V\u1ee4<\/strong><\/p>\n\n\n\n<p><strong><a href=\"https:\/\/bksgtechs.com\/?page_id=123\" data-type=\"URL\" data-id=\"https:\/\/bksgtechs.com\/?page_id=123\">Thi c\u00f4ng c\u00f4ng tr\u00ecnh<\/a><\/strong><br><strong><a href=\"https:\/\/bksgtechs.com\/?page_id=132\" data-type=\"URL\" data-id=\"https:\/\/bksgtechs.com\/?page_id=132\">Ki\u1ec3m \u0111\u1ecbnh c\u00f4ng tr\u00ecnh<\/a><\/strong><br><strong><a href=\"https:\/\/bksgtechs.com\/?page_id=135\" data-type=\"URL\" data-id=\"https:\/\/bksgtechs.com\/?page_id=135\">T\u01b0 v\u1ea5n thi\u1ebft k\u1ebf<\/a><\/strong><br><strong><a href=\"https:\/\/bksgtechs.com\/?page_id=137\" data-type=\"URL\" data-id=\"https:\/\/bksgtechs.com\/?page_id=137\">Th\u1ea9m tra thi\u1ebft k\u1ebf v\u00e0 d\u1ef1 to\u00e1n<\/a><\/strong><br><strong><a href=\"https:\/\/bksgtechs.com\/?page_id=139\" data-type=\"URL\" data-id=\"https:\/\/bksgtechs.com\/?page_id=139\">Qu\u1ea3n l\u00fd d\u1ef1 \u00e1n v\u00e0 Gi\u00e1m s\u00e1t thi c\u00f4ng<\/a><\/strong><br><strong><a href=\"https:\/\/bksgtechs.com\/?page_id=141\" data-type=\"URL\" data-id=\"https:\/\/bksgtechs.com\/?page_id=141\">Kh\u1ea3o s\u00e1t \u0111\u1ecba ch\u1ea5t v\u00e0 quan tr\u1eafc c\u00f4ng tr\u00ecnh<\/a><\/strong><br><strong><a href=\"https:\/\/bksgtechs.com\/?page_id=143\" data-type=\"URL\" data-id=\"https:\/\/bksgtechs.com\/?page_id=143\">Th\u00ed nghi\u1ec7m v\u1eadt li\u1ec7u x\u00e2y d\u1ef1ng<\/a><\/strong><\/p>\n<\/div>\n<\/div>\n","protected":false},"excerpt":{"rendered":"<p>QU\u1ea2N L\u00dd D\u1ef0 \u00c1N V\u00c0 GI\u00c1M S\u00c1T THI C\u00d4NG T\u01b0 v\u1ea5n qu\u1ea3n l\u00fd d\u1ef1 \u00e1n \u0111\u1ea7u t\u01b0 x\u00e2y d\u1ef1ng c\u00f4ng tr\u00ecnh Gi\u00e1m s\u00e1t thi c\u00f4ng c\u00f4ng tr\u00ecnh D\u1ecaCH V\u1ee4 Thi c\u00f4ng c\u00f4ng tr\u00ecnhKi\u1ec3m \u0111\u1ecbnh c\u00f4ng tr\u00ecnhT\u01b0 v\u1ea5n thi\u1ebft k\u1ebfTh\u1ea9m tra thi\u1ebft k\u1ebf v\u00e0 d\u1ef1 to\u00e1nQu\u1ea3n l\u00fd d\u1ef1 \u00e1n v\u00e0 Gi\u00e1m s\u00e1t thi c\u00f4ngKh\u1ea3o s\u00e1t \u0111\u1ecba&hellip;&nbsp;<a href=\"https:\/\/bksgtechs.com\/?page_id=139\" class=\"\" rel=\"bookmark\">\u0110\u1ecdc ti\u1ebfp &raquo;<span class=\"screen-reader-text\">QU\u1ea2N L\u00dd D\u1ef0 \u00c1N V\u00c0 GI\u00c1M S\u00c1T THI C\u00d4NG<\/span><\/a><\/p>\n","protected":false},"author":1,"featured_media":0,"parent":130,"menu_order":0,"comment_status":"closed","ping_status":"closed","template":"","meta":{"neve_meta_sidebar":"","neve_meta_container":"","neve_meta_enable_content_width":"on","neve_meta_content_width":100,"neve_meta_title_alignment":"","neve_meta_author_avatar":"","neve_post_elements_order":"","neve_meta_disable_header":"","neve_meta_disable_footer":"","neve_meta_disable_title":"on","footnotes":""},"class_list":["post-139","page","type-page","status-publish","hentry"],"_links":{"self":[{"href":"https:\/\/bksgtechs.com\/index.php?rest_route=\/wp\/v2\/pages\/139","targetHints":{"allow":["GET"]}}],"collection":[{"href":"https:\/\/bksgtechs.com\/index.php?rest_route=\/wp\/v2\/pages"}],"about":[{"href":"https:\/\/bksgtechs.com\/index.php?rest_route=\/wp\/v2\/types\/page"}],"author":[{"embeddable":true,"href":"https:\/\/bksgtechs.com\/index.php?rest_route=\/wp\/v2\/users\/1"}],"replies":[{"embeddable":true,"href":"https:\/\/bksgtechs.com\/index.php?rest_route=%2Fwp%2Fv2%2Fcomments&post=139"}],"version-history":[{"count":3,"href":"https:\/\/bksgtechs.com\/index.php?rest_route=\/wp\/v2\/pages\/139\/revisions"}],"predecessor-version":[{"id":171,"href":"https:\/\/bksgtechs.com\/index.php?rest_route=\/wp\/v2\/pages\/139\/revisions\/171"}],"up":[{"embeddable":true,"href":"https:\/\/bksgtechs.com\/index.php?rest_route=\/wp\/v2\/pages\/130"}],"wp:attachment":[{"href":"https:\/\/bksgtechs.com\/index.php?rest_route=%2Fwp%2Fv2%2Fmedia&parent=139"}],"curies":[{"name":"wp","href":"https:\/\/api.w.org\/{rel}","templated":true}]}}