{"id":102,"date":"2021-12-08T08:11:01","date_gmt":"2021-12-08T08:11:01","guid":{"rendered":"https:\/\/bksgtechs.com\/?page_id=102"},"modified":"2021-12-08T08:16:51","modified_gmt":"2021-12-08T08:16:51","slug":"gioi-thieu","status":"publish","type":"page","link":"https:\/\/bksgtechs.com\/?page_id=102","title":{"rendered":"GI\u1edaI THI\u1ec6U"},"content":{"rendered":"\n<hr class=\"wp-block-separator has-text-color has-background is-style-wide\" style=\"background-color:#d5d2d2;color:#d5d2d2\"\/>\n\n\n\n<p class=\"has-text-align-center has-medium-font-size\"><strong>GI\u1edaI THI\u1ec6U<\/strong><\/p>\n\n\n\n<div class=\"wp-block-columns is-layout-flex wp-container-core-columns-is-layout-9d6595d7 wp-block-columns-is-layout-flex\">\n<div class=\"wp-block-column is-layout-flow wp-block-column-is-layout-flow\" style=\"flex-basis:66.66%\">\n<p>C\u00f4ng ty TNHH X\u00e2y d\u1ef1ng Th\u01b0\u01a1ng m\u1ea1i B\u00e1ch Khoa S\u00e0i G\u00f2n (g\u1ecdi t\u1eaft l\u00e0<strong> BKSG Construction<\/strong>) \u0111\u01b0\u1ee3c th\u00e0nh l\u1eadp theo gi\u1ea5y ch\u1ee9ng nh\u1eadn kinh doanh s\u1ed1 0315790464 do S\u1edf K\u1ebf ho\u1ea1ch \u0110\u1ea7u t\u01b0 th\u00e0nh ph\u1ed1 H\u1ed3 Ch\u00ed Minh c\u1ea5p ng\u00e0y 15\/07\/2019 v\u1edbi \u0111\u1ea7y \u0111\u1ee7 c\u00e1c ch\u1ee9c n\u0103ng ho\u1ea1t \u0111\u1ed9ng trong l\u0129nh v\u1ef1c x\u00e2y d\u1ef1ng chuy\u00ean ng\u00e0nh nh\u01b0 sau: Thi c\u00f4ng x\u00e2y d\u1ef1ng c\u00f4ng tr\u00ecnh, \u00a0ki\u1ec3m \u0111\u1ecbnh ch\u1ea5t l\u01b0\u1ee3ng, kh\u1ea3o s\u00e1t \u0111\u1ecba ch\u1ea5t c\u00f4ng tr\u00ecnh, thi\u1ebft k\u1ebf, th\u1ea9m tra h\u1ed3 s\u01a1 thi\u1ebft k\u1ebf k\u1ef9 thu\u1eadt, t\u01b0 v\u1ea5n gi\u00e1m s\u00e1t c\u00f4ng tr\u00ecnh d\u00e2n d\u1ee5ng v\u00e0 c\u00f4ng nghi\u1ec7p, th\u00ed nghi\u1ec7m v\u1eadt li\u1ec7u x\u00e2y d\u1ef1ng,\u2026. <strong>BKSG Construction<\/strong> v\u1eabn lu\u00f4n l\u00e0 s\u1ef1 l\u1ef1a ch\u1ecdn h\u00e0ng \u0111\u1ea7u v\u00e0 tin t\u01b0\u1edfng c\u1ee7a qu\u00fd kh\u00e1ch h\u00e0ng trong v\u00e0 ngo\u00e0i n\u01b0\u1edbc trong l\u0129nh v\u1ef1c thi c\u00f4ng, t\u01b0 v\u1ea5n ki\u1ec3m \u0111\u1ecbnh c\u00f4ng tr\u00ecnh x\u00e2y d\u1ef1ng d\u00e2n d\u1ee5ng &amp; c\u00f4ng nghi\u1ec7p \u0111\u1eb7c bi\u1ec7t l\u00e0 c\u00f4ng tr\u00ecnh c\u00f4ng nghi\u1ec7p (c\u00e1c nh\u00e0 m\u00e1y, x\u01b0\u1edfng s\u1ea3n xu\u1ea5t,\u2026.).<br>Trong qu\u00e1 tr\u00ecnh th\u00e0nh l\u1eadp v\u00e0 ph\u00e1t tri\u1ec3n <strong>BKSG Construction<\/strong> li\u00ean t\u1ee5c \u0111\u1ed5i m\u1edbi ph\u1ea7n m\u1ec1m, m\u00e1y m\u00f3c, thi\u1ebft b\u1ecb, n\u00e2ng c\u1ea5p ph\u00f2ng th\u00ed nghi\u1ec7m, \u1ee9ng d\u1ee5ng c\u00f4ng ngh\u1ec7 m\u1edbi, ch\u00fa tr\u1ecdng \u0111\u00e0o t\u1ea1o ngu\u1ed3n nh\u00e2n l\u1ef1c, ti\u1ebfp c\u1eadn nhanh v\u1edbi m\u00f4 h\u00ecnh qu\u1ea3n l\u00fd, c\u00f4ng ngh\u1ec7 ti\u00ean ti\u1ebfn,\u00a0 n\u00e2ng cao ch\u1ea5t l\u01b0\u1ee3ng c\u00f4ng t\u00e1c ki\u1ec3m \u0111\u1ecbnh, thi\u1ebft k\u1ebf, thi c\u00f4ng nh\u1eb1m \u0111\u00e1p \u1ee9ng nhu c\u1ea7u ng\u00e0y c\u00e0ng cao v\u1ec1 ch\u1ea5t l\u01b0\u1ee3ng c\u0169ng nh\u01b0 th\u1ea9m m\u1ef9 c\u1ee7a ch\u1ee7 \u0111\u1ea7u t\u01b0.<br><strong>BKSG Construction<\/strong> v\u1edbi mong mu\u1ed1n, kh\u00e1t khao <strong>\u201cx\u00e2y d\u1ef1ng ni\u1ec1m tin\u201d<\/strong> b\u1ec1n v\u1eefng \u0111\u1ed1i v\u1edbi qu\u00fd kh\u00e1ch h\u00e0ng. S\u1ef1 h\u00e0i l\u00f2ng, tin t\u01b0\u1edfng c\u1ee7a qu\u00fd v\u1ecb l\u00e0 ni\u1ec1m vinh d\u1ef1 cho m\u1ed7i th\u00e0nh vi\u00ean C\u00f4ng ty ch\u00fang t\u00f4i.<\/p>\n<\/div>\n\n\n\n<div class=\"wp-block-column is-layout-flow wp-block-column-is-layout-flow\" style=\"flex-basis:33.33%\"><\/div>\n<\/div>\n\n\n\n<p class=\"has-text-align-center has-medium-font-size\"><strong>GI\u1ea4Y CH\u1ee8NG NH\u1eacN KINH DOANH<\/strong><\/p>\n\n\n\n<div data-wp-interactive=\"core\/file\" class=\"wp-block-file\"><object data-wp-bind--hidden=\"!state.hasPdfPreview\" hidden class=\"wp-block-file__embed\" data=\"https:\/\/bksgtechs.com\/wp-content\/uploads\/2021\/12\/giay-dang-ky-kinh-doanh.pdf\" type=\"application\/pdf\" style=\"width:100%;height:600px\" aria-label=\"Nh\u00fang file Nh\u00fang file PDF.\"><\/object><\/div>\n\n\n\n<p class=\"has-text-align-center has-medium-font-size\"><strong>CH\u1ee8NG CH\u1ec8 N\u0102NG L\u1ef0C<\/strong><\/p>\n\n\n\n<div data-wp-interactive=\"core\/file\" class=\"wp-block-file\"><object data-wp-bind--hidden=\"!state.hasPdfPreview\" hidden class=\"wp-block-file__embed\" data=\"https:\/\/bksgtechs.com\/wp-content\/uploads\/2021\/12\/chung-chi-nang-luc.pdf\" type=\"application\/pdf\" style=\"width:100%;height:600px\" aria-label=\"Nh\u00fang file Nh\u00fang file PDF.\"><\/object><\/div>\n\n\n\n<div class=\"wp-block-image\"><figure class=\"aligncenter size-full\"><img loading=\"lazy\" decoding=\"async\" width=\"600\" height=\"622\" src=\"https:\/\/bksgtechs.com\/wp-content\/uploads\/2021\/12\/so-do-to-chuc.jpg\" alt=\"\" class=\"wp-image-113\" srcset=\"https:\/\/bksgtechs.com\/wp-content\/uploads\/2021\/12\/so-do-to-chuc.jpg 600w, https:\/\/bksgtechs.com\/wp-content\/uploads\/2021\/12\/so-do-to-chuc-289x300.jpg 289w\" sizes=\"auto, (max-width: 600px) 100vw, 600px\" \/><\/figure><\/div>\n","protected":false},"excerpt":{"rendered":"<p>GI\u1edaI THI\u1ec6U C\u00f4ng ty TNHH X\u00e2y d\u1ef1ng Th\u01b0\u01a1ng m\u1ea1i B\u00e1ch Khoa S\u00e0i G\u00f2n (g\u1ecdi t\u1eaft l\u00e0 BKSG Construction) \u0111\u01b0\u1ee3c th\u00e0nh l\u1eadp theo gi\u1ea5y ch\u1ee9ng nh\u1eadn kinh doanh s\u1ed1 0315790464 do S\u1edf K\u1ebf ho\u1ea1ch \u0110\u1ea7u t\u01b0 th\u00e0nh ph\u1ed1 H\u1ed3 Ch\u00ed Minh c\u1ea5p ng\u00e0y 15\/07\/2019 v\u1edbi \u0111\u1ea7y \u0111\u1ee7 c\u00e1c ch\u1ee9c n\u0103ng ho\u1ea1t \u0111\u1ed9ng trong l\u0129nh v\u1ef1c x\u00e2y&hellip;&nbsp;<a href=\"https:\/\/bksgtechs.com\/?page_id=102\" class=\"\" rel=\"bookmark\">\u0110\u1ecdc ti\u1ebfp &raquo;<span class=\"screen-reader-text\">GI\u1edaI THI\u1ec6U<\/span><\/a><\/p>\n","protected":false},"author":1,"featured_media":0,"parent":0,"menu_order":0,"comment_status":"closed","ping_status":"closed","template":"","meta":{"neve_meta_sidebar":"","neve_meta_container":"","neve_meta_enable_content_width":"on","neve_meta_content_width":100,"neve_meta_title_alignment":"","neve_meta_author_avatar":"","neve_post_elements_order":"","neve_meta_disable_header":"","neve_meta_disable_footer":"","neve_meta_disable_title":"on","footnotes":""},"class_list":["post-102","page","type-page","status-publish","hentry"],"_links":{"self":[{"href":"https:\/\/bksgtechs.com\/index.php?rest_route=\/wp\/v2\/pages\/102","targetHints":{"allow":["GET"]}}],"collection":[{"href":"https:\/\/bksgtechs.com\/index.php?rest_route=\/wp\/v2\/pages"}],"about":[{"href":"https:\/\/bksgtechs.com\/index.php?rest_route=\/wp\/v2\/types\/page"}],"author":[{"embeddable":true,"href":"https:\/\/bksgtechs.com\/index.php?rest_route=\/wp\/v2\/users\/1"}],"replies":[{"embeddable":true,"href":"https:\/\/bksgtechs.com\/index.php?rest_route=%2Fwp%2Fv2%2Fcomments&post=102"}],"version-history":[{"count":6,"href":"https:\/\/bksgtechs.com\/index.php?rest_route=\/wp\/v2\/pages\/102\/revisions"}],"predecessor-version":[{"id":114,"href":"https:\/\/bksgtechs.com\/index.php?rest_route=\/wp\/v2\/pages\/102\/revisions\/114"}],"wp:attachment":[{"href":"https:\/\/bksgtechs.com\/index.php?rest_route=%2Fwp%2Fv2%2Fmedia&parent=102"}],"curies":[{"name":"wp","href":"https:\/\/api.w.org\/{rel}","templated":true}]}}